{"id":405,"date":"2015-01-20T09:13:22","date_gmt":"2015-01-20T09:13:22","guid":{"rendered":"http:\/\/www.nordicwood.ee\/?page_id=405"},"modified":"2015-03-03T08:56:47","modified_gmt":"2015-03-03T08:56:47","slug":"uber-uns","status":"publish","type":"page","link":"https:\/\/www.nordicwood.ee\/de\/uber-uns\/","title":{"rendered":"\u00dcber Uns"},"content":{"rendered":"<p style=\"text-align: center;\">Wir sind schon seit \u00fcber 17 Jahren auf dem Markt f\u00fcr H\u00e4ngedecken und W\u00e4nde erfolgreich t\u00e4tig.<\/p>\n<p style=\"text-align: center;\">Die Herstellung Marke unserer Holzdecken und Holzw\u00e4nden ist Nordic Wood.<\/p>\n<p style=\"text-align: center;\">Wir konzentrieren uns auf die Herstellung von Akustikw\u00e4nden und -decken aus Vollholz.<\/p>\n<p style=\"text-align: center;\">Alle unsere Holzt\u00e4felungen sind aus hochwertigem nordischem Holz hergestellt.<\/p>\n<p style=\"text-align: center;\">Kombinieren Sie Naturholz mit moderner Technologie, um f\u00fcr alle Projekte einzigartige L\u00f6sungen zu schaffen.<\/p>\n<p style=\"text-align: center;\">Z e i t l o s , \u00a0 k l a s s i s c h , \u00a0 a b e r \u00a0 z u g l e i c h \u00a0 m o d e r n .<\/p>\n<p style=\"text-align: center;\">S t i l l v o l l , \u00a0 e i n f a c h , \u00a0 a b e r \u00a0 z u g l e i c h \u00a0 e x t r a v a g a n t .<\/p>\n<p style=\"text-align: center;\">Nordic Wood<\/p>\n<p style=\"text-align: center;\"><div class=\"separator\"><\/div>\n<p style=\"text-align: center;\">B\u00fcros \u00a0 . \u00a0 Konferenz R\u00e4ume \u00a0 . \u00a0 Schulen \u00a0 . \u00a0 Restaurants \u00a0 . \u00a0 Einzelhandel \u00a0 . \u00a0 Kirchen \u00a0 . \u00a0 Hotels \u00a0 . \u00a0 SPAs<\/p>\n<p style=\"text-align: center;\"><img loading=\"lazy\" decoding=\"async\" class=\"alignnone  wp-image-232\" src=\"http:\/\/www.nordicwood.ee\/wp-content\/uploads\/2015\/01\/logo.jpg\" alt=\"logo\" width=\"222\" height=\"89\" srcset=\"https:\/\/www.nordicwood.ee\/wp-content\/uploads\/2015\/01\/logo.jpg 477w, https:\/\/www.nordicwood.ee\/wp-content\/uploads\/2015\/01\/logo-300x120.jpg 300w, https:\/\/www.nordicwood.ee\/wp-content\/uploads\/2015\/01\/logo-370x148.jpg 370w, https:\/\/www.nordicwood.ee\/wp-content\/uploads\/2015\/01\/logo-273x109.jpg 273w\" sizes=\"auto, (max-width: 222px) 100vw, 222px\" \/><\/p>\n<p style=\"text-align: center;\">\n","protected":false},"excerpt":{"rendered":"<p>Wir sind schon seit \u00fcber 17 Jahren auf dem Markt f\u00fcr H\u00e4ngedecken und W\u00e4nde erfolgreich t\u00e4tig. Die Herstellung Marke unserer Holzdecken und Holzw\u00e4nden ist Nordic Wood. Wir konzentrieren uns auf die Herstellung von Akustikw\u00e4nden und -decken aus Vollholz. Alle unsere Holzt\u00e4felungen sind aus hochwertigem nordischem Holz hergestellt. Kombinieren Sie Naturholz mit moderner Technologie, um f\u00fcr&#8230;<\/p>\n","protected":false},"author":2,"featured_media":0,"parent":0,"menu_order":0,"comment_status":"closed","ping_status":"open","template":"","meta":{"footnotes":""},"class_list":["post-405","page","type-page","status-publish","hentry"],"_links":{"self":[{"href":"https:\/\/www.nordicwood.ee\/de\/wp-json\/wp\/v2\/pages\/405","targetHints":{"allow":["GET"]}}],"collection":[{"href":"https:\/\/www.nordicwood.ee\/de\/wp-json\/wp\/v2\/pages"}],"about":[{"href":"https:\/\/www.nordicwood.ee\/de\/wp-json\/wp\/v2\/types\/page"}],"author":[{"embeddable":true,"href":"https:\/\/www.nordicwood.ee\/de\/wp-json\/wp\/v2\/users\/2"}],"replies":[{"embeddable":true,"href":"https:\/\/www.nordicwood.ee\/de\/wp-json\/wp\/v2\/comments?post=405"}],"version-history":[{"count":3,"href":"https:\/\/www.nordicwood.ee\/de\/wp-json\/wp\/v2\/pages\/405\/revisions"}],"predecessor-version":[{"id":488,"href":"https:\/\/www.nordicwood.ee\/de\/wp-json\/wp\/v2\/pages\/405\/revisions\/488"}],"wp:attachment":[{"href":"https:\/\/www.nordicwood.ee\/de\/wp-json\/wp\/v2\/media?parent=405"}],"curies":[{"name":"wp","href":"https:\/\/api.w.org\/{rel}","templated":true}]}}