{"id":63,"date":"2015-01-03T11:21:55","date_gmt":"2015-01-03T11:21:55","guid":{"rendered":"http:\/\/www.nordicwood.ee\/?page_id=63"},"modified":"2015-01-19T10:49:14","modified_gmt":"2015-01-19T10:49:14","slug":"montage","status":"publish","type":"page","link":"https:\/\/www.nordicwood.ee\/de\/montage\/","title":{"rendered":"Montage"},"content":{"rendered":"<div class=\"separator\"><\/div>\n<p class=\"img-content\"><img loading=\"lazy\" decoding=\"async\" class=\"alignnone  wp-image-379\" src=\"http:\/\/www.nordicwood.ee\/wp-content\/uploads\/2015\/01\/paigaldus_est.png\" alt=\"paigaldus_est\" width=\"1433\" height=\"361\" srcset=\"https:\/\/www.nordicwood.ee\/wp-content\/uploads\/2015\/01\/paigaldus_est.png 2183w, https:\/\/www.nordicwood.ee\/wp-content\/uploads\/2015\/01\/paigaldus_est-300x76.png 300w, https:\/\/www.nordicwood.ee\/wp-content\/uploads\/2015\/01\/paigaldus_est-1024x258.png 1024w, https:\/\/www.nordicwood.ee\/wp-content\/uploads\/2015\/01\/paigaldus_est-370x93.png 370w, https:\/\/www.nordicwood.ee\/wp-content\/uploads\/2015\/01\/paigaldus_est-760x191.png 760w, https:\/\/www.nordicwood.ee\/wp-content\/uploads\/2015\/01\/paigaldus_est-565x142.png 565w, https:\/\/www.nordicwood.ee\/wp-content\/uploads\/2015\/01\/paigaldus_est-1150x290.png 1150w, https:\/\/www.nordicwood.ee\/wp-content\/uploads\/2015\/01\/paigaldus_est-273x69.png 273w\" sizes=\"auto, (max-width: 1433px) 100vw, 1433px\" \/><\/p>\n<div class=\"separator\"><\/div>\n<p>Als Module, endbehandelt, leichter Einbau, Einbau in das T-Gitter-System<\/p>\n<p>Eignet sich f\u00fcr Anwendung mit verschiedenen Beleuchtungsk\u00f6rpern<\/p>\n<p>Eignet sich f\u00fcr Anbindung an der Wand<\/p>\n","protected":false},"excerpt":{"rendered":"<p>Als Module, endbehandelt, leichter Einbau, Einbau in das T-Gitter-System Eignet sich f\u00fcr Anwendung mit verschiedenen Beleuchtungsk\u00f6rpern Eignet sich f\u00fcr Anbindung an der Wand<\/p>\n","protected":false},"author":1,"featured_media":0,"parent":0,"menu_order":0,"comment_status":"closed","ping_status":"closed","template":"","meta":{"footnotes":""},"class_list":["post-63","page","type-page","status-publish","hentry"],"_links":{"self":[{"href":"https:\/\/www.nordicwood.ee\/de\/wp-json\/wp\/v2\/pages\/63","targetHints":{"allow":["GET"]}}],"collection":[{"href":"https:\/\/www.nordicwood.ee\/de\/wp-json\/wp\/v2\/pages"}],"about":[{"href":"https:\/\/www.nordicwood.ee\/de\/wp-json\/wp\/v2\/types\/page"}],"author":[{"embeddable":true,"href":"https:\/\/www.nordicwood.ee\/de\/wp-json\/wp\/v2\/users\/1"}],"replies":[{"embeddable":true,"href":"https:\/\/www.nordicwood.ee\/de\/wp-json\/wp\/v2\/comments?post=63"}],"version-history":[{"count":5,"href":"https:\/\/www.nordicwood.ee\/de\/wp-json\/wp\/v2\/pages\/63\/revisions"}],"predecessor-version":[{"id":394,"href":"https:\/\/www.nordicwood.ee\/de\/wp-json\/wp\/v2\/pages\/63\/revisions\/394"}],"wp:attachment":[{"href":"https:\/\/www.nordicwood.ee\/de\/wp-json\/wp\/v2\/media?parent=63"}],"curies":[{"name":"wp","href":"https:\/\/api.w.org\/{rel}","templated":true}]}}