{"id":61,"date":"2015-01-03T11:21:09","date_gmt":"2015-01-03T11:21:09","guid":{"rendered":"http:\/\/www.nordicwood.ee\/?page_id=61"},"modified":"2015-03-02T15:16:05","modified_gmt":"2015-03-02T15:16:05","slug":"asennus","status":"publish","type":"page","link":"https:\/\/www.nordicwood.ee\/fi\/asennus\/","title":{"rendered":"Asennus"},"content":{"rendered":"<p class=\"img-content\"><img loading=\"lazy\" decoding=\"async\" class=\"alignnone wp-image-379\" src=\"http:\/\/www.nordicwood.ee\/wp-content\/uploads\/2015\/01\/paigaldus_est.png\" alt=\"paigaldus_est\" width=\"1468\" height=\"370\" srcset=\"https:\/\/www.nordicwood.ee\/wp-content\/uploads\/2015\/01\/paigaldus_est.png 2183w, https:\/\/www.nordicwood.ee\/wp-content\/uploads\/2015\/01\/paigaldus_est-300x76.png 300w, https:\/\/www.nordicwood.ee\/wp-content\/uploads\/2015\/01\/paigaldus_est-1024x258.png 1024w, https:\/\/www.nordicwood.ee\/wp-content\/uploads\/2015\/01\/paigaldus_est-370x93.png 370w, https:\/\/www.nordicwood.ee\/wp-content\/uploads\/2015\/01\/paigaldus_est-760x191.png 760w, https:\/\/www.nordicwood.ee\/wp-content\/uploads\/2015\/01\/paigaldus_est-565x142.png 565w, https:\/\/www.nordicwood.ee\/wp-content\/uploads\/2015\/01\/paigaldus_est-1150x290.png 1150w, https:\/\/www.nordicwood.ee\/wp-content\/uploads\/2015\/01\/paigaldus_est-273x69.png 273w\" sizes=\"auto, (max-width: 1468px) 100vw, 1468px\" \/><\/p>\n<hr \/>\n<div class=\"page\" title=\"Page 3\">\n<div class=\"section\">\n<div class=\"layoutArea\">\n<div class=\"column\">\n<p>Vakio asennusj\u00e4rjestelm\u00e4t kattoon : modulikatto T-listaj\u00e4rjestelm\u00e4, GK-j\u00e4rjestelm\u00e4katto, puurunko Sein\u00e4\u00e4n asennus: puurunko, GK- sein\u00e4j\u00e4rjestelm\u00e4.<\/p>\n<\/div>\n<div class=\"column\">\n<p>J\u00e4rjestelm\u00e4 sopii eri valaisintyyppien kanssa.<\/p>\n<\/div>\n<\/div>\n<\/div>\n<\/div>\n","protected":false},"excerpt":{"rendered":"<p>Vakio asennusj\u00e4rjestelm\u00e4t kattoon : modulikatto T-listaj\u00e4rjestelm\u00e4, GK-j\u00e4rjestelm\u00e4katto, puurunko Sein\u00e4\u00e4n asennus: puurunko, GK- sein\u00e4j\u00e4rjestelm\u00e4. J\u00e4rjestelm\u00e4 sopii eri valaisintyyppien kanssa.<\/p>\n","protected":false},"author":1,"featured_media":0,"parent":0,"menu_order":0,"comment_status":"closed","ping_status":"closed","template":"","meta":{"footnotes":""},"class_list":["post-61","page","type-page","status-publish","hentry"],"_links":{"self":[{"href":"https:\/\/www.nordicwood.ee\/fi\/wp-json\/wp\/v2\/pages\/61","targetHints":{"allow":["GET"]}}],"collection":[{"href":"https:\/\/www.nordicwood.ee\/fi\/wp-json\/wp\/v2\/pages"}],"about":[{"href":"https:\/\/www.nordicwood.ee\/fi\/wp-json\/wp\/v2\/types\/page"}],"author":[{"embeddable":true,"href":"https:\/\/www.nordicwood.ee\/fi\/wp-json\/wp\/v2\/users\/1"}],"replies":[{"embeddable":true,"href":"https:\/\/www.nordicwood.ee\/fi\/wp-json\/wp\/v2\/comments?post=61"}],"version-history":[{"count":3,"href":"https:\/\/www.nordicwood.ee\/fi\/wp-json\/wp\/v2\/pages\/61\/revisions"}],"predecessor-version":[{"id":444,"href":"https:\/\/www.nordicwood.ee\/fi\/wp-json\/wp\/v2\/pages\/61\/revisions\/444"}],"wp:attachment":[{"href":"https:\/\/www.nordicwood.ee\/fi\/wp-json\/wp\/v2\/media?parent=61"}],"curies":[{"name":"wp","href":"https:\/\/api.w.org\/{rel}","templated":true}]}}