{"id":622,"date":"2015-01-07T10:01:42","date_gmt":"2015-01-07T10:01:42","guid":{"rendered":"http:\/\/www.nordicwood.ee\/ettevottest-3\/"},"modified":"2018-06-30T15:20:12","modified_gmt":"2018-06-30T15:20:12","slug":"ettevottest","status":"publish","type":"page","link":"https:\/\/www.nordicwood.ee\/fr\/ettevottest\/","title":{"rendered":"\u00c0 propos"},"content":{"rendered":"<div class=\"page\" title=\"Page 2\">\n<div class=\"section\">\n<div class=\"layoutArea\">\n<div class=\"column\">\n<p>&nbsp;<\/p>\n<p style=\"text-align: center;\">Nordic Wood  fabrique des panneaux pour plafonds et cloisons suspendus en bois.<\/p>\n<p style=\"text-align: center;\">Notre priorit\u00e9 est la production de plafonds et de cloisons acoustiques de qualit\u00e9 en bois massif. L\u2019int\u00e9gralit\u00e9 de nos produits sont faits \u00e0 partir de bois nordique de qualit\u00e9 sup\u00e9rieure.<\/p>\n<p style=\"text-align: center;\">Cr\u00e9ez des solutions uniques pour vos diff\u00e9rents projets en associant un bois naturel et des technologies modernes.<\/p>\n<p style=\"text-align: center;\">I n t e m p o r e l , e t  c l a s s i q u e  t o u t ,  e n   \u00e9 t a n t ,  c o n t e m p o r a i n.<\/p>\n<p style=\"text-align: center;\">\u0100   l a   f o i s   \u00e9 p u r \u00e9,   s i m p l e,   e t   e x t r a v a g a n t.<p class=\"buttons\">Button shortcode here<\/p>\n<p style=\"text-align: center;\">Nordic Wood<\/p>\n<div class=\"separator\"><\/div>\n<p style=\"text-align: center;\">Bureaux \u00a0 . \u00a0 Salles de conf\u00e9rence\u00a0 . \u00a0 \u00c9coles \u00a0 . \u00a0 Restaurants \u00a0 . \u00a0 Commerces   . \u00a0 \u00c9glises \u00a0 .H\u00f4tels \/ spas.<br \/>\n<img loading=\"lazy\" decoding=\"async\" class=\"alignnone  wp-image-232\" src=\"http:\/\/www.nordicwood.ee\/wp-content\/uploads\/2015\/01\/logo-300x120.jpg\" alt=\"logo\" width=\"175\" height=\"70\" srcset=\"https:\/\/www.nordicwood.ee\/wp-content\/uploads\/2015\/01\/logo-300x120.jpg 300w, https:\/\/www.nordicwood.ee\/wp-content\/uploads\/2015\/01\/logo-370x148.jpg 370w, https:\/\/www.nordicwood.ee\/wp-content\/uploads\/2015\/01\/logo-273x109.jpg 273w, https:\/\/www.nordicwood.ee\/wp-content\/uploads\/2015\/01\/logo.jpg 477w\" sizes=\"auto, (max-width: 175px) 100vw, 175px\" \/><\/p>\n<\/div>\n<\/div>\n<\/div>\n<\/div>\n","protected":false},"excerpt":{"rendered":"<p>&nbsp; Nordic Wood fabrique des panneaux pour plafonds et cloisons suspendus en bois. Notre priorit\u00e9 est la production de plafonds et de cloisons acoustiques de qualit\u00e9 en bois massif. L\u2019int\u00e9gralit\u00e9 de nos produits sont faits \u00e0 partir de bois nordique de qualit\u00e9 sup\u00e9rieure. Cr\u00e9ez des solutions uniques pour vos diff\u00e9rents projets en associant un bois&#8230;<\/p>\n","protected":false},"author":1,"featured_media":0,"parent":0,"menu_order":0,"comment_status":"closed","ping_status":"closed","template":"","meta":{"footnotes":""},"class_list":["post-622","page","type-page","status-publish","hentry"],"_links":{"self":[{"href":"https:\/\/www.nordicwood.ee\/fr\/wp-json\/wp\/v2\/pages\/622","targetHints":{"allow":["GET"]}}],"collection":[{"href":"https:\/\/www.nordicwood.ee\/fr\/wp-json\/wp\/v2\/pages"}],"about":[{"href":"https:\/\/www.nordicwood.ee\/fr\/wp-json\/wp\/v2\/types\/page"}],"author":[{"embeddable":true,"href":"https:\/\/www.nordicwood.ee\/fr\/wp-json\/wp\/v2\/users\/1"}],"replies":[{"embeddable":true,"href":"https:\/\/www.nordicwood.ee\/fr\/wp-json\/wp\/v2\/comments?post=622"}],"version-history":[{"count":8,"href":"https:\/\/www.nordicwood.ee\/fr\/wp-json\/wp\/v2\/pages\/622\/revisions"}],"predecessor-version":[{"id":623,"href":"https:\/\/www.nordicwood.ee\/fr\/wp-json\/wp\/v2\/pages\/622\/revisions\/623"}],"wp:attachment":[{"href":"https:\/\/www.nordicwood.ee\/fr\/wp-json\/wp\/v2\/media?parent=622"}],"curies":[{"name":"wp","href":"https:\/\/api.w.org\/{rel}","templated":true}]}}