{"id":631,"date":"2015-01-03T11:20:52","date_gmt":"2015-01-03T11:20:52","guid":{"rendered":"http:\/\/www.nordicwood.ee\/paigaldus-2\/"},"modified":"2018-06-30T15:24:23","modified_gmt":"2018-06-30T15:24:23","slug":"paigaldus","status":"publish","type":"page","link":"https:\/\/www.nordicwood.ee\/fr\/paigaldus\/","title":{"rendered":"Installation"},"content":{"rendered":"<div class=\"separator\"><\/div>\n<p class=\"img-content\"><img loading=\"lazy\" decoding=\"async\" class=\"alignnone wp-image-379\" src=\"http:\/\/www.nordicwood.ee\/wp-content\/uploads\/2015\/01\/paigaldus_est.png\" alt=\"paigaldus_est\" width=\"1468\" height=\"370\" srcset=\"https:\/\/www.nordicwood.ee\/wp-content\/uploads\/2015\/01\/paigaldus_est.png 2183w, https:\/\/www.nordicwood.ee\/wp-content\/uploads\/2015\/01\/paigaldus_est-300x76.png 300w, https:\/\/www.nordicwood.ee\/wp-content\/uploads\/2015\/01\/paigaldus_est-1024x258.png 1024w, https:\/\/www.nordicwood.ee\/wp-content\/uploads\/2015\/01\/paigaldus_est-370x93.png 370w, https:\/\/www.nordicwood.ee\/wp-content\/uploads\/2015\/01\/paigaldus_est-760x191.png 760w, https:\/\/www.nordicwood.ee\/wp-content\/uploads\/2015\/01\/paigaldus_est-565x142.png 565w, https:\/\/www.nordicwood.ee\/wp-content\/uploads\/2015\/01\/paigaldus_est-1150x290.png 1150w, https:\/\/www.nordicwood.ee\/wp-content\/uploads\/2015\/01\/paigaldus_est-273x69.png 273w\" sizes=\"auto, (max-width: 1468px) 100vw, 1468px\" \/><\/p>\n<div class=\"separator\"><\/div>\n<p>Modules finis, installation simple<\/p>\n<p>Installation simple sur ch\u00e2ssis en T <\/p>\n<p>Convient pour une utilisation avec diff\u00e9rents luminaires<\/p>\n<p>Peut \u00eatre accroch\u00e9 \u00e0 un mur<\/p>\n<p>&nbsp;<\/p>\n","protected":false},"excerpt":{"rendered":"<p>Modules finis, installation simple Installation simple sur ch\u00e2ssis en T Convient pour une utilisation avec diff\u00e9rents luminaires Peut \u00eatre accroch\u00e9 \u00e0 un mur &nbsp;<\/p>\n","protected":false},"author":1,"featured_media":0,"parent":0,"menu_order":0,"comment_status":"closed","ping_status":"closed","template":"","meta":{"footnotes":""},"class_list":["post-631","page","type-page","status-publish","hentry"],"_links":{"self":[{"href":"https:\/\/www.nordicwood.ee\/fr\/wp-json\/wp\/v2\/pages\/631","targetHints":{"allow":["GET"]}}],"collection":[{"href":"https:\/\/www.nordicwood.ee\/fr\/wp-json\/wp\/v2\/pages"}],"about":[{"href":"https:\/\/www.nordicwood.ee\/fr\/wp-json\/wp\/v2\/types\/page"}],"author":[{"embeddable":true,"href":"https:\/\/www.nordicwood.ee\/fr\/wp-json\/wp\/v2\/users\/1"}],"replies":[{"embeddable":true,"href":"https:\/\/www.nordicwood.ee\/fr\/wp-json\/wp\/v2\/comments?post=631"}],"version-history":[{"count":2,"href":"https:\/\/www.nordicwood.ee\/fr\/wp-json\/wp\/v2\/pages\/631\/revisions"}],"predecessor-version":[{"id":633,"href":"https:\/\/www.nordicwood.ee\/fr\/wp-json\/wp\/v2\/pages\/631\/revisions\/633"}],"wp:attachment":[{"href":"https:\/\/www.nordicwood.ee\/fr\/wp-json\/wp\/v2\/media?parent=631"}],"curies":[{"name":"wp","href":"https:\/\/api.w.org\/{rel}","templated":true}]}}